{"id":180,"date":"2025-04-11T06:44:20","date_gmt":"2025-04-11T04:44:20","guid":{"rendered":"https:\/\/www.stoprodent.com\/?page_id=180"},"modified":"2025-04-11T06:44:21","modified_gmt":"2025-04-11T04:44:21","slug":"payment-method","status":"publish","type":"page","link":"https:\/\/www.stoprodent.com\/fi\/payment-method\/","title":{"rendered":"Maksutapa"},"content":{"rendered":"<p><strong>1 artikla. Yleist\u00e4<\/strong><\/p>\n\n\n\n<p>Tarjoamme useita eri maksutapoja tilauksen vahvistamiseksi. Tilauksen m\u00e4\u00e4r\u00e4st\u00e4, valitusta toimitustavasta tai toimitusosoitteesta riippuen tietyt maksutavat ovat k\u00e4ytett\u00e4viss\u00e4. Alta l\u00f6yd\u00e4t yleisesti hyv\u00e4ksyttyjen maksutapojen yksityiskohdat.<\/p>\n\n\n\n<p><strong>2 artikla. Pankkikortti<\/strong><\/p>\n\n\n\n<p>Kaikkien luottokorttimaksujesi osalta tapahtuma on suojattu SSL-salaustekniikalla. Itse asiassa kaikki maksuun liittyv\u00e4t tietosi salataan tietokoneeltasi pankin palvelimelle. Tietokonek\u00e4sittely koodatun avaimen avulla mahdollistaa pankkitietojen k\u00e4yt\u00f6n. Kaikki n\u00e4m\u00e4 tiedot pysyv\u00e4t luottamuksellisina, eik\u00e4 niit\u00e4 voida tarkastella tai k\u00e4ytt\u00e4\u00e4 tiet\u00e4m\u00e4tt\u00e4si. T\u00e4m\u00e4 maksutapa mahdollistaa nopean tilausk\u00e4sittelyn. Hyv\u00e4ksymme kaikki kortit, mukaan lukien Visa, Mastercard, Carte Bleue, Maestro, Visa Electron, American Express, Discover, Diners Club, China UnionPay ja JCB.<\/p>\n\n\n\n<p><strong>3 artikla. PayPal<\/strong><\/p>\n\n\n\n<p>Jos sinulla on PayPal-tili ja siihen yhdistetty luottokortti, voit k\u00e4ytt\u00e4\u00e4 t\u00e4t\u00e4 maksutapaa tilauksesi maksamiseen edellytt\u00e4en, ett\u00e4 kaikki ostoskorissasi olevat tuotteet ovat varastossa. Kun olet suorittanut PayPal-maksun, muista vahvistaa tilauksesi (noudata PayPalin ohjeita maksun aikana). V\u00e4hennys tehd\u00e4\u00e4n PayPalin kautta yl\u00f6sp\u00e4in, kun tilaus on vahvistettu verkkosivustollamme. Huomaa, ett\u00e4 uutta tilausta lukuun ottamatta \u00e4l\u00e4 koskaan l\u00e4het\u00e4 PayPal-maksua suoraan.<\/p>\n\n\n\n<p><strong>4 artikla. Pankkitarkastus<\/strong><\/p>\n\n\n\n<p>Kun tilauksesi on vahvistettu, tiimimme ottavat sinuun yhteytt\u00e4 ja ilmoittavat maksutiedot. Kirjoita tilausnumero shekin k\u00e4\u00e4nt\u00f6puolelle. T\u00e4m\u00e4 numero mainitaan my\u00f6s saamassasi tilausvahvistuss\u00e4hk\u00f6postissa. Voit my\u00f6s kirjoittaa tilausnumeron tavalliselle paperille tai liitt\u00e4\u00e4 kirjeeseen kopion tilausvahvistuss\u00e4hk\u00f6postista. Kaikista shekill\u00e4 maksetuista yli 2000 euron tilauksista voidaan pyyt\u00e4\u00e4 pankkishekki. Neuvomme sinua ottamaan yhteytt\u00e4 pankkiisi t\u00e4m\u00e4n shekin hankkimiseksi. Huomioithan, ett\u00e4 tilauksesi valmistelu ja varauksesi tehd\u00e4\u00e4n vasta, kun maksu on vastaanotettu.<\/p>\n\n\n\n<p><strong>5 artikla. Pankkisiirto<\/strong><\/p>\n\n\n\n<p>Hyv\u00e4ksymme maksun pankkisiirrolla kaikista tilauksista. Kun olemme vahvistaneet tilisiirron vastaanottamisen palvelussamme, tilaus voidaan vahvistaa. Huomioithan, ett\u00e4 tuotteita ei ole varattu ennen kuin olemme vahvistaneet maksun. Jos haluat saada tilauksesi mahdollisimman nopeasti, suosittelemme maksamista luottokortilla. Jos haluat saada pankkitietomme, pyyd\u00e4 ne s\u00e4hk\u00f6postitse. On t\u00e4rke\u00e4\u00e4 ilmoittaa tilausnumerosi maksuviitteess\u00e4.<\/p>","protected":false},"excerpt":{"rendered":"<p>Article 1. General We offer various different payment methods to validate an order. Depending on the order amount, chosen delivery method, or delivery address, certain payment methods will be available. Below, you&#8217;ll find the details of the commonly accepted payment methods. Article 2. Bank card For all your credit card payments, the transaction is secured [&hellip;]<\/p>\n","protected":false},"author":1,"featured_media":0,"parent":0,"menu_order":0,"comment_status":"closed","ping_status":"closed","template":"","meta":{"_uag_custom_page_level_css":"","site-sidebar-layout":"default","site-content-layout":"","ast-site-content-layout":"default","site-content-style":"default","site-sidebar-style":"default","ast-global-header-display":"","ast-banner-title-visibility":"","ast-main-header-display":"","ast-hfb-above-header-display":"","ast-hfb-below-header-display":"","ast-hfb-mobile-header-display":"","site-post-title":"","ast-breadcrumbs-content":"","ast-featured-img":"","footer-sml-layout":"","ast-disable-related-posts":"","theme-transparent-header-meta":"","adv-header-id-meta":"","stick-header-meta":"","header-above-stick-meta":"","header-main-stick-meta":"","header-below-stick-meta":"","astra-migrate-meta-layouts":"default","ast-page-background-enabled":"default","ast-page-background-meta":{"desktop":{"background-color":"var(--ast-global-color-4)","background-image":"","background-repeat":"repeat","background-position":"center center","background-size":"auto","background-attachment":"scroll","background-type":"","background-media":"","overlay-type":"","overlay-color":"","overlay-opacity":"","overlay-gradient":""},"tablet":{"background-color":"","background-image":"","background-repeat":"repeat","background-position":"center center","background-size":"auto","background-attachment":"scroll","background-type":"","background-media":"","overlay-type":"","overlay-color":"","overlay-opacity":"","overlay-gradient":""},"mobile":{"background-color":"","background-image":"","background-repeat":"repeat","background-position":"center center","background-size":"auto","background-attachment":"scroll","background-type":"","background-media":"","overlay-type":"","overlay-color":"","overlay-opacity":"","overlay-gradient":""}},"ast-content-background-meta":{"desktop":{"background-color":"var(--ast-global-color-5)","background-image":"","background-repeat":"repeat","background-position":"center center","background-size":"auto","background-attachment":"scroll","background-type":"","background-media":"","overlay-type":"","overlay-color":"","overlay-opacity":"","overlay-gradient":""},"tablet":{"background-color":"var(--ast-global-color-5)","background-image":"","background-repeat":"repeat","background-position":"center center","background-size":"auto","background-attachment":"scroll","background-type":"","background-media":"","overlay-type":"","overlay-color":"","overlay-opacity":"","overlay-gradient":""},"mobile":{"background-color":"var(--ast-global-color-5)","background-image":"","background-repeat":"repeat","background-position":"center center","background-size":"auto","background-attachment":"scroll","background-type":"","background-media":"","overlay-type":"","overlay-color":"","overlay-opacity":"","overlay-gradient":""}},"footnotes":""},"class_list":["post-180","page","type-page","status-publish","hentry"],"spectra_custom_meta":{"_edit_lock":["1744346673:1"],"_wpml_word_count":["409"],"_edit_last":["1"],"_wpml_media_duplicate":["1"],"_wpml_media_featured":["1"],"rank_math_news_sitemap_robots":["index"],"rank_math_robots":["a:1:{i:0;s:5:\"index\";}"],"_uag_css_file_name":["uag-css-180.css"],"_uag_page_assets":["a:9:{s:3:\"css\";s:7156:\".uag-blocks-common-selector{z-index:var(--z-index-desktop) !important}@media (max-width: 976px){.uag-blocks-common-selector{z-index:var(--z-index-tablet) !important}}@media (max-width: 767px){.uag-blocks-common-selector{z-index:var(--z-index-mobile) !important}}\n.wp-block-uagb-image{display:flex}.wp-block-uagb-image__figure{position:relative;display:flex;flex-direction:column;max-width:100%;height:auto;margin:0}.wp-block-uagb-image__figure img{height:auto;display:flex;max-width:100%;transition:box-shadow 0.2s ease}.wp-block-uagb-image__figure>a{display:inline-block}.wp-block-uagb-image__figure figcaption{text-align:center;margin-top:0.5em;margin-bottom:1em}.wp-block-uagb-image .components-placeholder.block-editor-media-placeholder .components-placeholder__instructions{align-self:center}.wp-block-uagb-image--align-left{text-align:left}.wp-block-uagb-image--align-right{text-align:right}.wp-block-uagb-image--align-center{text-align:center}.wp-block-uagb-image--align-full .wp-block-uagb-image__figure{margin-left:calc(50% - 50vw);margin-right:calc(50% - 50vw);max-width:100vw;width:100vw;height:auto}.wp-block-uagb-image--align-full .wp-block-uagb-image__figure img{height:auto;width:100% !important}.wp-block-uagb-image--align-wide .wp-block-uagb-image__figure img{height:auto;width:100%}.wp-block-uagb-image--layout-overlay__color-wrapper{position:absolute;left:0;top:0;right:0;bottom:0;opacity:0.2;background:rgba(0,0,0,0.5);transition:opacity 0.35s ease-in-out}.wp-block-uagb-image--layout-overlay-link{position:absolute;left:0;right:0;bottom:0;top:0}.wp-block-uagb-image--layout-overlay .wp-block-uagb-image__figure:hover .wp-block-uagb-image--layout-overlay__color-wrapper{opacity:1}.wp-block-uagb-image--layout-overlay__inner{position:absolute;left:15px;right:15px;bottom:15px;top:15px;display:flex;align-items:center;justify-content:center;flex-direction:column;border-color:#fff;transition:0.35s ease-in-out}.wp-block-uagb-image--layout-overlay__inner.top-left,.wp-block-uagb-image--layout-overlay__inner.top-center,.wp-block-uagb-image--layout-overlay__inner.top-right{justify-content:flex-start}.wp-block-uagb-image--layout-overlay__inner.bottom-left,.wp-block-uagb-image--layout-overlay__inner.bottom-center,.wp-block-uagb-image--layout-overlay__inner.bottom-right{justify-content:flex-end}.wp-block-uagb-image--layout-overlay__inner.top-left,.wp-block-uagb-image--layout-overlay__inner.center-left,.wp-block-uagb-image--layout-overlay__inner.bottom-left{align-items:flex-start}.wp-block-uagb-image--layout-overlay__inner.top-right,.wp-block-uagb-image--layout-overlay__inner.center-right,.wp-block-uagb-image--layout-overlay__inner.bottom-right{align-items:flex-end}.wp-block-uagb-image--layout-overlay__inner .uagb-image-heading{color:#fff;transition:transform 0.35s, opacity 0.35s ease-in-out;transform:translate3d(0, 24px, 0);margin:0;line-height:1em}.wp-block-uagb-image--layout-overlay__inner .uagb-image-separator{width:30%;border-top-width:2px;border-top-color:#fff;border-top-style:solid;margin-bottom:10px;opacity:0;transition:transform 0.4s, opacity 0.4s ease-in-out;transform:translate3d(0, 30px, 0)}.wp-block-uagb-image--layout-overlay__inner .uagb-image-caption{opacity:0;overflow:visible;color:#fff;transition:transform 0.45s, opacity 0.45s ease-in-out;transform:translate3d(0, 35px, 0)}.wp-block-uagb-image--layout-overlay__inner:hover .uagb-image-heading,.wp-block-uagb-image--layout-overlay__inner:hover .uagb-image-separator,.wp-block-uagb-image--layout-overlay__inner:hover .uagb-image-caption{opacity:1;transform:translate3d(0, 0, 0)}.wp-block-uagb-image--effect-zoomin .wp-block-uagb-image__figure img,.wp-block-uagb-image--effect-zoomin .wp-block-uagb-image__figure .wp-block-uagb-image--layout-overlay__color-wrapper{transform:scale(1);transition:transform 0.35s ease-in-out}.wp-block-uagb-image--effect-zoomin .wp-block-uagb-image__figure:hover img,.wp-block-uagb-image--effect-zoomin .wp-block-uagb-image__figure:hover .wp-block-uagb-image--layout-overlay__color-wrapper{transform:scale(1.05)}.wp-block-uagb-image--effect-slide .wp-block-uagb-image__figure img,.wp-block-uagb-image--effect-slide .wp-block-uagb-image__figure .wp-block-uagb-image--layout-overlay__color-wrapper{width:calc(100% + 40px) !important;max-width:none !important;transform:translate3d(-40px, 0, 0);transition:transform 0.35s ease-in-out}.wp-block-uagb-image--effect-slide .wp-block-uagb-image__figure:hover img,.wp-block-uagb-image--effect-slide .wp-block-uagb-image__figure:hover .wp-block-uagb-image--layout-overlay__color-wrapper{transform:translate3d(0, 0, 0)}.wp-block-uagb-image--effect-grayscale img{filter:grayscale(0%);transition:0.35s ease-in-out}.wp-block-uagb-image--effect-grayscale:hover img{filter:grayscale(100%)}.wp-block-uagb-image--effect-blur img{filter:blur(0);transition:0.35s ease-in-out}.wp-block-uagb-image--effect-blur:hover img{filter:blur(3px)}\n.uagb-block-e6f939b3.wp-block-uagb-image--layout-default figure img{box-shadow: 0px 0px 0 #00000070;}.uagb-block-e6f939b3.wp-block-uagb-image .wp-block-uagb-image__figure figcaption{font-style: normal;align-self: center;}.uagb-block-e6f939b3.wp-block-uagb-image--layout-overlay figure img{box-shadow: 0px 0px 0 #00000070;}.uagb-block-e6f939b3.wp-block-uagb-image--layout-overlay .wp-block-uagb-image--layout-overlay__color-wrapper{opacity: 0.2;}.uagb-block-e6f939b3.wp-block-uagb-image--layout-overlay .wp-block-uagb-image--layout-overlay__inner{left: 15px;right: 15px;top: 15px;bottom: 15px;}.uagb-block-e6f939b3.wp-block-uagb-image--layout-overlay .wp-block-uagb-image--layout-overlay__inner .uagb-image-heading{font-style: normal;color: #fff;opacity: 1;}.uagb-block-e6f939b3.wp-block-uagb-image--layout-overlay .wp-block-uagb-image--layout-overlay__inner .uagb-image-heading a{color: #fff;}.uagb-block-e6f939b3.wp-block-uagb-image--layout-overlay .wp-block-uagb-image--layout-overlay__inner .uagb-image-caption{opacity: 0;}.uagb-block-e6f939b3.wp-block-uagb-image--layout-overlay .wp-block-uagb-image__figure:hover .wp-block-uagb-image--layout-overlay__color-wrapper{opacity: 1;}.uagb-block-e6f939b3.wp-block-uagb-image .wp-block-uagb-image--layout-overlay__inner .uagb-image-separator{width: 30%;border-top-width: 2px;border-top-color: #fff;opacity: 0;}.uagb-block-e6f939b3.wp-block-uagb-image .wp-block-uagb-image__figure img{width: px;height: auto;}.uagb-block-e6f939b3.wp-block-uagb-image .wp-block-uagb-image__figure:hover .wp-block-uagb-image--layout-overlay__inner .uagb-image-caption{opacity: 1;}.uagb-block-e6f939b3.wp-block-uagb-image .wp-block-uagb-image__figure:hover .wp-block-uagb-image--layout-overlay__inner .uagb-image-separator{opacity: 1;}.uagb-block-e6f939b3.wp-block-uagb-image--layout-default figure:hover img{box-shadow: 0px 0px 0 #00000070;}.uagb-block-e6f939b3.wp-block-uagb-image--layout-overlay figure:hover img{box-shadow: 0px 0px 0 #00000070;}@media only screen and (max-width: 976px) {.uagb-block-e6f939b3.wp-block-uagb-image .wp-block-uagb-image__figure img{width: px;height: auto;}}@media only screen and (max-width: 767px) {.uagb-block-e6f939b3.wp-block-uagb-image .wp-block-uagb-image__figure img{width: px;height: auto;}}\";s:2:\"js\";s:0:\"\";s:18:\"current_block_list\";a:13:{i:0;s:14:\"core\/paragraph\";i:1;s:11:\"core\/search\";i:2;s:10:\"core\/group\";i:3;s:12:\"core\/heading\";i:4;s:17:\"core\/latest-posts\";i:5;s:20:\"core\/latest-comments\";i:6;s:13:\"core\/archives\";i:7;s:15:\"core\/categories\";i:8;s:10:\"uagb\/image\";i:9;s:11:\"core\/spacer\";i:10;s:30:\"woocommerce\/product-categories\";i:11;s:10:\"core\/image\";i:12;s:14:\"core\/shortcode\";}s:8:\"uag_flag\";b:1;s:11:\"uag_version\";s:10:\"1775918023\";s:6:\"gfonts\";a:0:{}s:10:\"gfonts_url\";s:0:\"\";s:12:\"gfonts_files\";a:0:{}s:14:\"uag_faq_layout\";b:0;}"]},"uagb_featured_image_src":{"full":false,"thumbnail":false,"medium":false,"medium_large":false,"large":false,"1536x1536":false,"2048x2048":false,"trp-custom-language-flag":false,"woocommerce_thumbnail":false,"woocommerce_single":false,"woocommerce_gallery_thumbnail":false},"uagb_author_info":{"display_name":"admin","author_link":"https:\/\/www.stoprodent.com\/fi\/author\/admin2721\/"},"uagb_comment_info":0,"uagb_excerpt":"Article 1. General We offer various different payment methods to validate an order. Depending on the order amount, chosen delivery method, or delivery address, certain payment methods will be available. Below, you&#8217;ll find the details of the commonly accepted payment methods. Article 2. Bank card For all your credit card payments, the transaction is secured&hellip;","_links":{"self":[{"href":"https:\/\/www.stoprodent.com\/fi\/wp-json\/wp\/v2\/pages\/180","targetHints":{"allow":["GET"]}}],"collection":[{"href":"https:\/\/www.stoprodent.com\/fi\/wp-json\/wp\/v2\/pages"}],"about":[{"href":"https:\/\/www.stoprodent.com\/fi\/wp-json\/wp\/v2\/types\/page"}],"author":[{"embeddable":true,"href":"https:\/\/www.stoprodent.com\/fi\/wp-json\/wp\/v2\/users\/1"}],"replies":[{"embeddable":true,"href":"https:\/\/www.stoprodent.com\/fi\/wp-json\/wp\/v2\/comments?post=180"}],"version-history":[{"count":1,"href":"https:\/\/www.stoprodent.com\/fi\/wp-json\/wp\/v2\/pages\/180\/revisions"}],"predecessor-version":[{"id":181,"href":"https:\/\/www.stoprodent.com\/fi\/wp-json\/wp\/v2\/pages\/180\/revisions\/181"}],"wp:attachment":[{"href":"https:\/\/www.stoprodent.com\/fi\/wp-json\/wp\/v2\/media?parent=180"}],"curies":[{"name":"wp","href":"https:\/\/api.w.org\/{rel}","templated":true}]}}