{"id":180,"date":"2025-04-11T06:44:20","date_gmt":"2025-04-11T04:44:20","guid":{"rendered":"https:\/\/www.stoprodent.com\/?page_id=180"},"modified":"2025-04-11T06:44:21","modified_gmt":"2025-04-11T04:44:21","slug":"payment-method","status":"publish","type":"page","link":"https:\/\/www.stoprodent.com\/hu\/payment-method\/","title":{"rendered":"Fizet\u00e9si m\u00f3d"},"content":{"rendered":"<p><strong>1. cikk. \u00c1ltal\u00e1nos<\/strong><\/p>\n\n\n\n<p>A megrendel\u00e9s \u00e9rv\u00e9nyes\u00edt\u00e9s\u00e9hez k\u00fcl\u00f6nb\u00f6z\u0151 fizet\u00e9si m\u00f3dokat k\u00edn\u00e1lunk. A megrendel\u00e9s \u00f6sszeg\u00e9t\u0151l, a v\u00e1lasztott sz\u00e1ll\u00edt\u00e1si m\u00f3dt\u00f3l vagy a sz\u00e1ll\u00edt\u00e1si c\u00edmt\u0151l f\u00fcgg\u0151en bizonyos fizet\u00e9si m\u00f3dok \u00e1llnak rendelkez\u00e9sre. Az al\u00e1bbiakban az \u00e1ltal\u00e1nosan elfogadott fizet\u00e9si m\u00f3dok r\u00e9szleteit tal\u00e1lja.<\/p>\n\n\n\n<p><strong>2. cikk. Bankk\u00e1rtya<\/strong><\/p>\n\n\n\n<p>Minden hitelk\u00e1rty\u00e1s fizet\u00e9s eset\u00e9n a tranzakci\u00f3t SSL titkos\u00edt\u00e1si technol\u00f3gi\u00e1val biztos\u00edtjuk. Val\u00f3j\u00e1ban minden fizet\u00e9ssel kapcsolatos inform\u00e1ci\u00f3 titkos\u00edtva van a sz\u00e1m\u00edt\u00f3g\u00e9p\u00e9t\u0151l a bank szerver\u00e9ig. A sz\u00e1m\u00edt\u00f3g\u00e9pes feldolgoz\u00e1s egy k\u00f3dolt kulccsal teszi lehet\u0151v\u00e9 a banki inform\u00e1ci\u00f3k haszn\u00e1lat\u00e1t. Mindezek az inform\u00e1ci\u00f3k bizalmasak maradnak, \u00e9s az \u00d6n tudta n\u00e9lk\u00fcl nem tekinthet\u0151k meg \u00e9s nem haszn\u00e1lhat\u00f3k fel. Ez a fizet\u00e9si m\u00f3d lehet\u0151v\u00e9 teszi a megrendel\u00e9s gyors feldolgoz\u00e1s\u00e1t. Minden k\u00e1rty\u00e1t elfogadunk, bele\u00e9rtve a Visa, Mastercard, Carte Bleue, Maestro, Visa Electron, American Express, Discover, Diners Club, China UnionPay \u00e9s JCB k\u00e1rty\u00e1kat.<\/p>\n\n\n\n<p><strong>3. cikk. PayPal<\/strong><\/p>\n\n\n\n<p>Ha rendelkezik PayPal-fi\u00f3kkal \u00e9s egy kapcsol\u00f3d\u00f3 hitelk\u00e1rty\u00e1val, akkor ezt a fizet\u00e9si m\u00f3dot haszn\u00e1lhatja megrendel\u00e9s\u00e9hez, felt\u00e9ve, hogy a kos\u00e1rban l\u00e9v\u0151 \u00f6sszes term\u00e9k rakt\u00e1ron van. A PayPal-fizet\u00e9s befejez\u00e9se ut\u00e1n ne felejtse el meger\u0151s\u00edteni a megrendel\u00e9s\u00e9t (k\u00f6vesse a PayPal utas\u00edt\u00e1sait a fizet\u00e9s sor\u00e1n). A levon\u00e1s a PayPal-on kereszt\u00fcl t\u00f6rt\u00e9nik a megrendel\u00e9s weboldalunkon t\u00f6rt\u00e9n\u0151 visszaigazol\u00e1sakor. K\u00e9rj\u00fck, vegye figyelembe, hogy \u00faj megrendel\u00e9s kiv\u00e9tel\u00e9vel soha ne k\u00fcldj\u00f6n k\u00f6zvetlen\u00fcl PayPal-fizet\u00e9st.<\/p>\n\n\n\n<p><strong>4. cikk. Banki csekk<\/strong><\/p>\n\n\n\n<p>Miut\u00e1n a megrendel\u00e9s\u00e9t \u00e9rv\u00e9nyes\u00edtett\u00fck, csapataink felveszik \u00d6nnel a kapcsolatot a fizet\u00e9si r\u00e9szletek megad\u00e1sa \u00e9rdek\u00e9ben. K\u00e9rj\u00fck, a csekk h\u00e1toldal\u00e1n t\u00fcntesse fel a rendel\u00e9s sz\u00e1m\u00e1t. Ez a sz\u00e1m szerepel a megrendel\u00e9st visszaigazol\u00f3 e-mailben is, amelyet kapott. A megrendel\u00e9s sz\u00e1m\u00e1t sima pap\u00edrra is fel\u00edrhatja, vagy csatolhatja level\u00e9hez a megrendel\u00e9st visszaigazol\u00f3 e-mail m\u00e1solat\u00e1t. A csekken kifizetett 2000 \u20ac feletti rendel\u00e9s eset\u00e9n p\u00e9nzt\u00e1ri csekket is k\u00e9rhet\u00fcnk. Azt tan\u00e1csoljuk, hogy l\u00e9pjen kapcsolatba bankj\u00e1val, hogy beszerezze ezt a k\u00e9szp\u00e9nzes csekket. K\u00e9rj\u00fck, vegye figyelembe, hogy a megrendel\u00e9s elk\u00e9sz\u00edt\u00e9se \u00e9s a t\u00e9telek lefoglal\u00e1sa csak a fizet\u00e9s be\u00e9rkez\u00e9se ut\u00e1n t\u00f6rt\u00e9nik meg.<\/p>\n\n\n\n<p><strong>5. cikk. Banki \u00e1tutal\u00e1s<\/strong><\/p>\n\n\n\n<p>Minden megrendel\u00e9s eset\u00e9n elfogadjuk a banki \u00e1tutal\u00e1ssal t\u00f6rt\u00e9n\u0151 fizet\u00e9st. Amint az \u00e1tutal\u00e1s be\u00e9rkez\u00e9s\u00e9t szolg\u00e1lataink igazolj\u00e1k, a megrendel\u00e9st visszaigazolhatjuk. K\u00e9rj\u00fck, vegye figyelembe, hogy a t\u00e9teleket nem foglaljuk le addig, am\u00edg a fizet\u00e9st t\u00e9nylegesen nem \u00e9rv\u00e9nyes\u00edtett\u00fck. Ha a lehet\u0151 leggyorsabban szeretn\u00e9 megkapni a megrendel\u00e9s\u00e9t, javasoljuk a bankk\u00e1rty\u00e1s fizet\u00e9st. Banki adatainkhoz k\u00e9rj\u00fck, k\u00e9rje azokat e-mailben. Fontos, hogy a fizet\u00e9si hivatkoz\u00e1sban adja meg a rendel\u00e9s sz\u00e1m\u00e1t.<\/p>","protected":false},"excerpt":{"rendered":"<p>Article 1. General We offer various different payment methods to validate an order. Depending on the order amount, chosen delivery method, or delivery address, certain payment methods will be available. Below, you&#8217;ll find the details of the commonly accepted payment methods. Article 2. Bank card For all your credit card payments, the transaction is secured [&hellip;]<\/p>\n","protected":false},"author":1,"featured_media":0,"parent":0,"menu_order":0,"comment_status":"closed","ping_status":"closed","template":"","meta":{"_uag_custom_page_level_css":"","site-sidebar-layout":"default","site-content-layout":"","ast-site-content-layout":"default","site-content-style":"default","site-sidebar-style":"default","ast-global-header-display":"","ast-banner-title-visibility":"","ast-main-header-display":"","ast-hfb-above-header-display":"","ast-hfb-below-header-display":"","ast-hfb-mobile-header-display":"","site-post-title":"","ast-breadcrumbs-content":"","ast-featured-img":"","footer-sml-layout":"","ast-disable-related-posts":"","theme-transparent-header-meta":"","adv-header-id-meta":"","stick-header-meta":"","header-above-stick-meta":"","header-main-stick-meta":"","header-below-stick-meta":"","astra-migrate-meta-layouts":"default","ast-page-background-enabled":"default","ast-page-background-meta":{"desktop":{"background-color":"var(--ast-global-color-4)","background-image":"","background-repeat":"repeat","background-position":"center center","background-size":"auto","background-attachment":"scroll","background-type":"","background-media":"","overlay-type":"","overlay-color":"","overlay-opacity":"","overlay-gradient":""},"tablet":{"background-color":"","background-image":"","background-repeat":"repeat","background-position":"center center","background-size":"auto","background-attachment":"scroll","background-type":"","background-media":"","overlay-type":"","overlay-color":"","overlay-opacity":"","overlay-gradient":""},"mobile":{"background-color":"","background-image":"","background-repeat":"repeat","background-position":"center center","background-size":"auto","background-attachment":"scroll","background-type":"","background-media":"","overlay-type":"","overlay-color":"","overlay-opacity":"","overlay-gradient":""}},"ast-content-background-meta":{"desktop":{"background-color":"var(--ast-global-color-5)","background-image":"","background-repeat":"repeat","background-position":"center center","background-size":"auto","background-attachment":"scroll","background-type":"","background-media":"","overlay-type":"","overlay-color":"","overlay-opacity":"","overlay-gradient":""},"tablet":{"background-color":"var(--ast-global-color-5)","background-image":"","background-repeat":"repeat","background-position":"center center","background-size":"auto","background-attachment":"scroll","background-type":"","background-media":"","overlay-type":"","overlay-color":"","overlay-opacity":"","overlay-gradient":""},"mobile":{"background-color":"var(--ast-global-color-5)","background-image":"","background-repeat":"repeat","background-position":"center center","background-size":"auto","background-attachment":"scroll","background-type":"","background-media":"","overlay-type":"","overlay-color":"","overlay-opacity":"","overlay-gradient":""}},"footnotes":""},"class_list":["post-180","page","type-page","status-publish","hentry"],"spectra_custom_meta":{"_edit_lock":["1744346673:1"],"_wpml_word_count":["409"],"_edit_last":["1"],"_wpml_media_duplicate":["1"],"_wpml_media_featured":["1"],"rank_math_news_sitemap_robots":["index"],"rank_math_robots":["a:1:{i:0;s:5:\"index\";}"],"_uag_css_file_name":["uag-css-180.css"],"_uag_page_assets":["a:9:{s:3:\"css\";s:6893:\".wp-block-uagb-image{display:flex}.wp-block-uagb-image__figure{position:relative;display:flex;flex-direction:column;max-width:100%;height:auto;margin:0}.wp-block-uagb-image__figure img{height:auto;display:flex;max-width:100%;transition:box-shadow 0.2s ease}.wp-block-uagb-image__figure>a{display:inline-block}.wp-block-uagb-image__figure figcaption{text-align:center;margin-top:0.5em;margin-bottom:1em}.wp-block-uagb-image .components-placeholder.block-editor-media-placeholder .components-placeholder__instructions{align-self:center}.wp-block-uagb-image--align-left{text-align:left}.wp-block-uagb-image--align-right{text-align:right}.wp-block-uagb-image--align-center{text-align:center}.wp-block-uagb-image--align-full .wp-block-uagb-image__figure{margin-left:calc(50% - 50vw);margin-right:calc(50% - 50vw);max-width:100vw;width:100vw;height:auto}.wp-block-uagb-image--align-full .wp-block-uagb-image__figure img{height:auto;width:100% !important}.wp-block-uagb-image--align-wide .wp-block-uagb-image__figure img{height:auto;width:100%}.wp-block-uagb-image--layout-overlay__color-wrapper{position:absolute;left:0;top:0;right:0;bottom:0;opacity:0.2;background:rgba(0,0,0,0.5);transition:opacity 0.35s ease-in-out}.wp-block-uagb-image--layout-overlay-link{position:absolute;left:0;right:0;bottom:0;top:0}.wp-block-uagb-image--layout-overlay .wp-block-uagb-image__figure:hover .wp-block-uagb-image--layout-overlay__color-wrapper{opacity:1}.wp-block-uagb-image--layout-overlay__inner{position:absolute;left:15px;right:15px;bottom:15px;top:15px;display:flex;align-items:center;justify-content:center;flex-direction:column;border-color:#fff;transition:0.35s ease-in-out}.wp-block-uagb-image--layout-overlay__inner.top-left,.wp-block-uagb-image--layout-overlay__inner.top-center,.wp-block-uagb-image--layout-overlay__inner.top-right{justify-content:flex-start}.wp-block-uagb-image--layout-overlay__inner.bottom-left,.wp-block-uagb-image--layout-overlay__inner.bottom-center,.wp-block-uagb-image--layout-overlay__inner.bottom-right{justify-content:flex-end}.wp-block-uagb-image--layout-overlay__inner.top-left,.wp-block-uagb-image--layout-overlay__inner.center-left,.wp-block-uagb-image--layout-overlay__inner.bottom-left{align-items:flex-start}.wp-block-uagb-image--layout-overlay__inner.top-right,.wp-block-uagb-image--layout-overlay__inner.center-right,.wp-block-uagb-image--layout-overlay__inner.bottom-right{align-items:flex-end}.wp-block-uagb-image--layout-overlay__inner .uagb-image-heading{color:#fff;transition:transform 0.35s, opacity 0.35s ease-in-out;transform:translate3d(0, 24px, 0);margin:0;line-height:1em}.wp-block-uagb-image--layout-overlay__inner .uagb-image-separator{width:30%;border-top-width:2px;border-top-color:#fff;border-top-style:solid;margin-bottom:10px;opacity:0;transition:transform 0.4s, opacity 0.4s ease-in-out;transform:translate3d(0, 30px, 0)}.wp-block-uagb-image--layout-overlay__inner .uagb-image-caption{opacity:0;overflow:visible;color:#fff;transition:transform 0.45s, opacity 0.45s ease-in-out;transform:translate3d(0, 35px, 0)}.wp-block-uagb-image--layout-overlay__inner:hover .uagb-image-heading,.wp-block-uagb-image--layout-overlay__inner:hover .uagb-image-separator,.wp-block-uagb-image--layout-overlay__inner:hover .uagb-image-caption{opacity:1;transform:translate3d(0, 0, 0)}.wp-block-uagb-image--effect-zoomin .wp-block-uagb-image__figure img,.wp-block-uagb-image--effect-zoomin .wp-block-uagb-image__figure .wp-block-uagb-image--layout-overlay__color-wrapper{transform:scale(1);transition:transform 0.35s ease-in-out}.wp-block-uagb-image--effect-zoomin .wp-block-uagb-image__figure:hover img,.wp-block-uagb-image--effect-zoomin .wp-block-uagb-image__figure:hover .wp-block-uagb-image--layout-overlay__color-wrapper{transform:scale(1.05)}.wp-block-uagb-image--effect-slide .wp-block-uagb-image__figure img,.wp-block-uagb-image--effect-slide .wp-block-uagb-image__figure .wp-block-uagb-image--layout-overlay__color-wrapper{width:calc(100% + 40px) !important;max-width:none !important;transform:translate3d(-40px, 0, 0);transition:transform 0.35s ease-in-out}.wp-block-uagb-image--effect-slide .wp-block-uagb-image__figure:hover img,.wp-block-uagb-image--effect-slide .wp-block-uagb-image__figure:hover .wp-block-uagb-image--layout-overlay__color-wrapper{transform:translate3d(0, 0, 0)}.wp-block-uagb-image--effect-grayscale img{filter:grayscale(0%);transition:0.35s ease-in-out}.wp-block-uagb-image--effect-grayscale:hover img{filter:grayscale(100%)}.wp-block-uagb-image--effect-blur img{filter:blur(0);transition:0.35s ease-in-out}.wp-block-uagb-image--effect-blur:hover img{filter:blur(3px)}\n.uagb-block-e6f939b3.wp-block-uagb-image--layout-default figure img{box-shadow: 0px 0px 0 #00000070;}.uagb-block-e6f939b3.wp-block-uagb-image .wp-block-uagb-image__figure figcaption{font-style: normal;align-self: center;}.uagb-block-e6f939b3.wp-block-uagb-image--layout-overlay figure img{box-shadow: 0px 0px 0 #00000070;}.uagb-block-e6f939b3.wp-block-uagb-image--layout-overlay .wp-block-uagb-image--layout-overlay__color-wrapper{opacity: 0.2;}.uagb-block-e6f939b3.wp-block-uagb-image--layout-overlay .wp-block-uagb-image--layout-overlay__inner{left: 15px;right: 15px;top: 15px;bottom: 15px;}.uagb-block-e6f939b3.wp-block-uagb-image--layout-overlay .wp-block-uagb-image--layout-overlay__inner .uagb-image-heading{font-style: normal;color: #fff;opacity: 1;}.uagb-block-e6f939b3.wp-block-uagb-image--layout-overlay .wp-block-uagb-image--layout-overlay__inner .uagb-image-heading a{color: #fff;}.uagb-block-e6f939b3.wp-block-uagb-image--layout-overlay .wp-block-uagb-image--layout-overlay__inner .uagb-image-caption{opacity: 0;}.uagb-block-e6f939b3.wp-block-uagb-image--layout-overlay .wp-block-uagb-image__figure:hover .wp-block-uagb-image--layout-overlay__color-wrapper{opacity: 1;}.uagb-block-e6f939b3.wp-block-uagb-image .wp-block-uagb-image--layout-overlay__inner .uagb-image-separator{width: 30%;border-top-width: 2px;border-top-color: #fff;opacity: 0;}.uagb-block-e6f939b3.wp-block-uagb-image .wp-block-uagb-image__figure img{width: px;height: auto;}.uagb-block-e6f939b3.wp-block-uagb-image .wp-block-uagb-image__figure:hover .wp-block-uagb-image--layout-overlay__inner .uagb-image-caption{opacity: 1;}.uagb-block-e6f939b3.wp-block-uagb-image .wp-block-uagb-image__figure:hover .wp-block-uagb-image--layout-overlay__inner .uagb-image-separator{opacity: 1;}.uagb-block-e6f939b3.wp-block-uagb-image--layout-default figure:hover img{box-shadow: 0px 0px 0 #00000070;}.uagb-block-e6f939b3.wp-block-uagb-image--layout-overlay figure:hover img{box-shadow: 0px 0px 0 #00000070;}@media only screen and (max-width: 976px) {.uagb-block-e6f939b3.wp-block-uagb-image .wp-block-uagb-image__figure img{width: px;height: auto;}}@media only screen and (max-width: 767px) {.uagb-block-e6f939b3.wp-block-uagb-image .wp-block-uagb-image__figure img{width: px;height: auto;}}\";s:2:\"js\";s:0:\"\";s:18:\"current_block_list\";a:13:{i:0;s:14:\"core\/paragraph\";i:1;s:11:\"core\/search\";i:2;s:10:\"core\/group\";i:3;s:12:\"core\/heading\";i:4;s:17:\"core\/latest-posts\";i:5;s:20:\"core\/latest-comments\";i:6;s:13:\"core\/archives\";i:7;s:15:\"core\/categories\";i:8;s:10:\"uagb\/image\";i:9;s:11:\"core\/spacer\";i:10;s:30:\"woocommerce\/product-categories\";i:11;s:10:\"core\/image\";i:12;s:14:\"core\/shortcode\";}s:8:\"uag_flag\";b:1;s:11:\"uag_version\";s:10:\"1774950663\";s:6:\"gfonts\";a:0:{}s:10:\"gfonts_url\";s:0:\"\";s:12:\"gfonts_files\";a:0:{}s:14:\"uag_faq_layout\";b:0;}"]},"uagb_featured_image_src":{"full":false,"thumbnail":false,"medium":false,"medium_large":false,"large":false,"1536x1536":false,"2048x2048":false,"trp-custom-language-flag":false,"woocommerce_thumbnail":false,"woocommerce_single":false,"woocommerce_gallery_thumbnail":false},"uagb_author_info":{"display_name":"admin","author_link":"https:\/\/www.stoprodent.com\/hu\/author\/admin2721\/"},"uagb_comment_info":0,"uagb_excerpt":"Article 1. General We offer various different payment methods to validate an order. Depending on the order amount, chosen delivery method, or delivery address, certain payment methods will be available. Below, you&#8217;ll find the details of the commonly accepted payment methods. Article 2. Bank card For all your credit card payments, the transaction is secured&hellip;","_links":{"self":[{"href":"https:\/\/www.stoprodent.com\/hu\/wp-json\/wp\/v2\/pages\/180","targetHints":{"allow":["GET"]}}],"collection":[{"href":"https:\/\/www.stoprodent.com\/hu\/wp-json\/wp\/v2\/pages"}],"about":[{"href":"https:\/\/www.stoprodent.com\/hu\/wp-json\/wp\/v2\/types\/page"}],"author":[{"embeddable":true,"href":"https:\/\/www.stoprodent.com\/hu\/wp-json\/wp\/v2\/users\/1"}],"replies":[{"embeddable":true,"href":"https:\/\/www.stoprodent.com\/hu\/wp-json\/wp\/v2\/comments?post=180"}],"version-history":[{"count":1,"href":"https:\/\/www.stoprodent.com\/hu\/wp-json\/wp\/v2\/pages\/180\/revisions"}],"predecessor-version":[{"id":181,"href":"https:\/\/www.stoprodent.com\/hu\/wp-json\/wp\/v2\/pages\/180\/revisions\/181"}],"wp:attachment":[{"href":"https:\/\/www.stoprodent.com\/hu\/wp-json\/wp\/v2\/media?parent=180"}],"curies":[{"name":"wp","href":"https:\/\/api.w.org\/{rel}","templated":true}]}}